{"id":40,"date":"2013-07-23T10:27:44","date_gmt":"2013-07-23T10:27:44","guid":{"rendered":"https:\/\/www.panchoportillo.es\/?page_id=40"},"modified":"2020-06-06T13:21:29","modified_gmt":"2020-06-06T11:21:29","slug":"contact","status":"publish","type":"page","link":"https:\/\/www.panchoportillo.es\/es\/contact\/","title":{"rendered":"Contacto"},"content":{"rendered":"<p>Si pas\u00e1is por\u00a0Madrid enviadme un mensaje. Actualmente estoy haciendo pruebas gratuitas por tiempo limitado.<\/p>\n<p>Para todas vuestras necesidades de localizaci\u00f3n y de producci\u00f3n, o cualquier consulta, por favor poneros en contacto conmigo proporcion\u00e1ndome una peque\u00f1a explicaci\u00f3n de lo que est\u00e1is buscando y de cu\u00e1ndo lo necesit\u00e1is.<\/p>\n<p>Pod\u00e9is contactar conmigo:<\/p>\n<ul>\n<li>por email: <strong><a href=\"mailto:info@panchoportillo.es\">info@panchoportillo.es<\/a><\/strong><\/li>\n<li>por tel\u00e9fono: <strong>+34 649 437 337<\/strong><\/li>\n<li>rellenando el siguiente formulario:<\/li>\n<\/ul>\n<div role=\"form\" class=\"wpcf7\" id=\"wpcf7-f926-o1\" lang=\"es-ES\" dir=\"ltr\">\n<div class=\"screen-reader-response\" aria-live=\"polite\"><\/div>\n<form action=\"\/es\/wp-json\/wp\/v2\/pages\/40#wpcf7-f926-o1\" method=\"post\" class=\"wpcf7-form\" novalidate=\"novalidate\">\n<div style=\"display: none;\">\n<input type=\"hidden\" name=\"_wpcf7\" value=\"926\" \/>\n<input type=\"hidden\" name=\"_wpcf7_version\" value=\"5.1.9\" \/>\n<input type=\"hidden\" name=\"_wpcf7_locale\" value=\"es_ES\" \/>\n<input type=\"hidden\" name=\"_wpcf7_unit_tag\" value=\"wpcf7-f926-o1\" \/>\n<input type=\"hidden\" name=\"_wpcf7_container_post\" value=\"0\" \/>\n<\/div>\n<p><span class=\"wpcf7-form-control-wrap YourName\"><input type=\"text\" name=\"YourName\" value=\"\" size=\"40\" class=\"wpcf7-form-control wpcf7-text wpcf7-validates-as-required\" aria-required=\"true\" aria-invalid=\"false\" placeholder=\"Nombre *\" \/><\/span><\/p>\n<p><span class=\"wpcf7-form-control-wrap YourMail\"><input type=\"email\" name=\"YourMail\" value=\"\" size=\"40\" class=\"wpcf7-form-control wpcf7-text wpcf7-email wpcf7-validates-as-required wpcf7-validates-as-email\" aria-required=\"true\" aria-invalid=\"false\" placeholder=\"E-mail *\" \/><\/span><\/p>\n<p><span class=\"wpcf7-form-control-wrap YourPhone\"><input type=\"text\" name=\"YourPhone\" value=\"\" size=\"40\" class=\"wpcf7-form-control wpcf7-text wpcf7-validates-as-required\" aria-required=\"true\" aria-invalid=\"false\" placeholder=\"Tel\u00e9fono *\" \/><\/span><\/p>\n<p><span class=\"wpcf7-form-control-wrap Info\"><textarea name=\"Info\" cols=\"40\" rows=\"10\" class=\"wpcf7-form-control wpcf7-textarea wpcf7-validates-as-required\" aria-required=\"true\" aria-invalid=\"false\" placeholder=\"Mensaje *\"><\/textarea><\/span><\/p>\n<p><span class=\"wpcf7-form-control-wrap aceptacion\"><span class=\"wpcf7-form-control wpcf7-acceptance\"><span class=\"wpcf7-list-item\"><input type=\"checkbox\" name=\"aceptacion\" value=\"1\" aria-invalid=\"false\" \/><\/span><\/span><\/span>&nbsp;* Al marcar esta casilla acepta nuestra <a href=\"\/privacy-policy\/\" target=\"_blank\">Pol\u00edtica de Privacidad<\/a>. Si no se marca, el bot\u00f3n de Enviar permanece desactivado.<\/p>\n<p><input type=\"submit\" value=\"Enviar\" class=\"wpcf7-form-control wpcf7-submit\" \/><\/p>\n<div class=\"wpcf7-response-output wpcf7-display-none\" aria-hidden=\"true\"><\/div><\/form><\/div>\n<p><strong>Muchas gracias<\/strong><\/p>","protected":false},"excerpt":{"rendered":"<p>Si pas\u00e1is por\u00a0Madrid enviadme un mensaje. Actualmente estoy haciendo pruebas gratuitas por tiempo limitado. Para todas vuestras necesidades de localizaci\u00f3n y de producci\u00f3n, o cualquier consulta, por favor poneros en contacto conmigo proporcion\u00e1ndome una peque\u00f1a explicaci\u00f3n de lo que est\u00e1is buscando y de cu\u00e1ndo lo necesit\u00e1is. Pod\u00e9is contactar conmigo: por email: info@panchoportillo.es por tel\u00e9fono: +34 [&hellip;]<\/p>\n","protected":false},"author":4,"featured_media":0,"parent":0,"menu_order":0,"comment_status":"closed","ping_status":"open","template":"","meta":{"ngg_post_thumbnail":0,"footnotes":"","_links_to":"","_links_to_target":""},"class_list":["post-40","page","type-page","status-publish","hentry"],"_links":{"self":[{"href":"https:\/\/www.panchoportillo.es\/es\/wp-json\/wp\/v2\/pages\/40","targetHints":{"allow":["GET"]}}],"collection":[{"href":"https:\/\/www.panchoportillo.es\/es\/wp-json\/wp\/v2\/pages"}],"about":[{"href":"https:\/\/www.panchoportillo.es\/es\/wp-json\/wp\/v2\/types\/page"}],"author":[{"embeddable":true,"href":"https:\/\/www.panchoportillo.es\/es\/wp-json\/wp\/v2\/users\/4"}],"replies":[{"embeddable":true,"href":"https:\/\/www.panchoportillo.es\/es\/wp-json\/wp\/v2\/comments?post=40"}],"version-history":[{"count":16,"href":"https:\/\/www.panchoportillo.es\/es\/wp-json\/wp\/v2\/pages\/40\/revisions"}],"predecessor-version":[{"id":932,"href":"https:\/\/www.panchoportillo.es\/es\/wp-json\/wp\/v2\/pages\/40\/revisions\/932"}],"wp:attachment":[{"href":"https:\/\/www.panchoportillo.es\/es\/wp-json\/wp\/v2\/media?parent=40"}],"curies":[{"name":"wp","href":"https:\/\/api.w.org\/{rel}","templated":true}]}}