{"id":65,"date":"2013-08-02T10:53:40","date_gmt":"2013-08-02T10:53:40","guid":{"rendered":"https:\/\/www.panchoportillo.es\/?page_id=65"},"modified":"2020-06-06T13:20:35","modified_gmt":"2020-06-06T11:20:35","slug":"bio","status":"publish","type":"page","link":"https:\/\/www.panchoportillo.es\/es\/bio\/","title":{"rendered":"Acerca de m\u00ed"},"content":{"rendered":"<p>Soy un fot\u00f3grafo y productor independiente con sede en Madrid, Espa\u00f1a.<br \/>\nOfrezco un servicio completo de fotograf\u00eda de estudio en Madrid y tambi\u00e9n dispongo de un estudio m\u00f3vil de viaje totalmente equipado que se puede utilizar en cualquier ubicaci\u00f3n.<br \/>\nMe especializo en retratos y fotograf\u00eda de viajes para clientes editoriales y de publicidad, y para algunos bancos de im\u00e1genes.<br \/>\nMi trabajo es sensible antes que t\u00e9cnico; la composici\u00f3n se basa en un proceso de descubrimiento apoyado por\u00a0mi percepci\u00f3n\u00a0de la iluminaci\u00f3n.<br \/>\nSiempre me ha interesado todo lo concerniente a la narrativa y a mi infancia, familia, recuerdos de viaje y observaciones. Intento aprovechar\u00a0todos los espacios que me causan inspiraci\u00f3n.<br \/>\nEsta p\u00e1gina web es un espacio de trabajo abierto adecuado para todas mis necesidades y siempre est\u00e1 cambiando &#8230;<\/p>","protected":false},"excerpt":{"rendered":"<p>Soy un fot\u00f3grafo y productor independiente con sede en Madrid, Espa\u00f1a. Ofrezco un servicio completo de fotograf\u00eda de estudio en Madrid y tambi\u00e9n dispongo de un estudio m\u00f3vil de viaje totalmente equipado que se puede utilizar en cualquier ubicaci\u00f3n. Me especializo en retratos y fotograf\u00eda de viajes para clientes editoriales y de publicidad, y para [&hellip;]<\/p>\n","protected":false},"author":4,"featured_media":0,"parent":0,"menu_order":0,"comment_status":"closed","ping_status":"open","template":"","meta":{"ngg_post_thumbnail":0,"footnotes":"","_links_to":"","_links_to_target":""},"class_list":["post-65","page","type-page","status-publish","hentry"],"_links":{"self":[{"href":"https:\/\/www.panchoportillo.es\/es\/wp-json\/wp\/v2\/pages\/65","targetHints":{"allow":["GET"]}}],"collection":[{"href":"https:\/\/www.panchoportillo.es\/es\/wp-json\/wp\/v2\/pages"}],"about":[{"href":"https:\/\/www.panchoportillo.es\/es\/wp-json\/wp\/v2\/types\/page"}],"author":[{"embeddable":true,"href":"https:\/\/www.panchoportillo.es\/es\/wp-json\/wp\/v2\/users\/4"}],"replies":[{"embeddable":true,"href":"https:\/\/www.panchoportillo.es\/es\/wp-json\/wp\/v2\/comments?post=65"}],"version-history":[{"count":27,"href":"https:\/\/www.panchoportillo.es\/es\/wp-json\/wp\/v2\/pages\/65\/revisions"}],"predecessor-version":[{"id":943,"href":"https:\/\/www.panchoportillo.es\/es\/wp-json\/wp\/v2\/pages\/65\/revisions\/943"}],"wp:attachment":[{"href":"https:\/\/www.panchoportillo.es\/es\/wp-json\/wp\/v2\/media?parent=65"}],"curies":[{"name":"wp","href":"https:\/\/api.w.org\/{rel}","templated":true}]}}